{"id":335,"date":"2019-01-31T14:42:53","date_gmt":"2019-01-31T14:42:53","guid":{"rendered":"http:\/\/ilkerkarademir.com\/?page_id=335"},"modified":"2026-04-24T13:45:31","modified_gmt":"2026-04-24T13:45:31","slug":"hakkimda","status":"publish","type":"page","link":"http:\/\/ilkerkarademir.com\/index.php\/hakkimda\/","title":{"rendered":"Hakk\u0131mda"},"content":{"rendered":"\n\n\t<p><img loading=\"lazy\" decoding=\"async\" src=\"http:\/\/ilkerkarademir.com\/wp-content\/uploads\/2026\/04\/WhatsApp-Image-2026-04-24-at-16.41.25.jpeg\" alt=\"\" width=\"336\" height=\"458\" \/><\/p>\n\t<p><\/p>\n<p><\/p>\n<h5><strong>Dr. \u0130lker Karademir<\/strong><\/h5>\n<p><strong>QMS &amp; OpEx &amp; Lean Expert | Lead Auditor<\/strong><\/p>\n<p>Lisans e\u011fitimimi 2005 y\u0131l\u0131nda Kocaeli \u00dcniversitesi, Metalurji &amp; Malzeme M\u00fchendisli\u011fi &#8216;nde tamamlad\u0131ktan sonra, i\u015f hayat\u0131na Kalite Sistemleri Denet\u00e7isi olarak ba\u015flad\u0131m.<\/p>\n<p>Daha sonra Otomotiv, \u0130n\u015faat, Mobilya, Demir-\u00c7elik gibi farkl\u0131 sekt\u00f6rlerde \u00f6nde gelen yerli ve yabanc\u0131 \u015firketlerde Kalite, S\u00fcrekli \u0130yile\u015ftirme ve Operasyonel M\u00fckemmellik M\u00fcd\u00fcr\u00fc olarak \u00e7al\u0131\u015ft\u0131m.<\/p>\n<p>Ayn\u0131 zamanda 2010 y\u0131l\u0131nda Maltepe \u00dcniversitesi ,Y\u00f6netim-Organizasyon alan\u0131nda y\u00fcksek lisans\u0131m\u0131 tamamlad\u0131m. Yine i\u015fletme y\u00f6netimi alan\u0131nda 2022 y\u0131l\u0131nda doktora e\u011fitimimi tamamlad\u0131m.<\/p>\n<p>Halen bir \u015firkette Kalite M\u00fcd\u00fcr\u00fc olarak \u00e7al\u0131\u015fmaktay\u0131m.<\/p>\n<p><\/p>\n<p><\/p>\n<p><\/p>\n<p><\/p>\n<ul class=\"wp-block-list\">\n<li><em>Doktora &#8211; \u0130\u015fletme Y\u00f6netimi 2017-2022<\/em><\/li>\n<li><em>Y\u00fcksek Lisans &#8211; Mba &#8211; Y\u00f6netim &amp; Organizasyon 2008-2010<\/em><\/li>\n<li><em>Lisans &#8211; Metalurji &amp; Malzeme M\u00fchendisli\u011fi 2000-2005<\/em><\/li>\n<\/ul>\n<p><\/p>\n\n","protected":false},"excerpt":{"rendered":"","protected":false},"author":1,"featured_media":0,"parent":0,"menu_order":0,"comment_status":"closed","ping_status":"closed","template":"","meta":{"jetpack_post_was_ever_published":false,"footnotes":""},"class_list":["post-335","page","type-page","status-publish","hentry"],"yoast_head":"<!-- This site is optimized with the Yoast SEO plugin v27.5 - https:\/\/yoast.com\/product\/yoast-seo-wordpress\/ -->\n<title>Hakk\u0131mda - \u0130lker Karademir<\/title>\n<meta name=\"robots\" content=\"index, follow, max-snippet:-1, max-image-preview:large, max-video-preview:-1\" \/>\n<link rel=\"canonical\" href=\"http:\/\/ilkerkarademir.com\/index.php\/hakkimda\/\" \/>\n<meta property=\"og:locale\" content=\"tr_TR\" \/>\n<meta property=\"og:type\" content=\"article\" \/>\n<meta property=\"og:title\" content=\"Hakk\u0131mda - \u0130lker Karademir\" \/>\n<meta property=\"og:url\" content=\"http:\/\/ilkerkarademir.com\/index.php\/hakkimda\/\" \/>\n<meta property=\"og:site_name\" content=\"\u0130lker Karademir\" \/>\n<meta property=\"article:modified_time\" content=\"2026-04-24T13:45:31+00:00\" \/>\n<meta property=\"og:image\" content=\"http:\/\/ilkerkarademir.com\/wp-content\/uploads\/2026\/04\/WhatsApp-Image-2026-04-24-at-16.41.25.jpeg\" \/>\n<meta name=\"twitter:card\" content=\"summary_large_image\" \/>\n<meta name=\"twitter:site\" content=\"@ilkerkarademir\" \/>\n<meta name=\"twitter:label1\" content=\"Tahmini okuma s\u00fcresi\" \/>\n\t<meta name=\"twitter:data1\" content=\"1 dakika\" \/>\n<script type=\"application\/ld+json\" class=\"yoast-schema-graph\">{\"@context\":\"https:\\\/\\\/schema.org\",\"@graph\":[{\"@type\":\"WebPage\",\"@id\":\"http:\\\/\\\/ilkerkarademir.com\\\/index.php\\\/hakkimda\\\/\",\"url\":\"http:\\\/\\\/ilkerkarademir.com\\\/index.php\\\/hakkimda\\\/\",\"name\":\"Hakk\u0131mda - \u0130lker Karademir\",\"isPartOf\":{\"@id\":\"http:\\\/\\\/ilkerkarademir.com\\\/#website\"},\"primaryImageOfPage\":{\"@id\":\"http:\\\/\\\/ilkerkarademir.com\\\/index.php\\\/hakkimda\\\/#primaryimage\"},\"image\":{\"@id\":\"http:\\\/\\\/ilkerkarademir.com\\\/index.php\\\/hakkimda\\\/#primaryimage\"},\"thumbnailUrl\":\"http:\\\/\\\/ilkerkarademir.com\\\/wp-content\\\/uploads\\\/2026\\\/04\\\/WhatsApp-Image-2026-04-24-at-16.41.25.jpeg\",\"datePublished\":\"2019-01-31T14:42:53+00:00\",\"dateModified\":\"2026-04-24T13:45:31+00:00\",\"breadcrumb\":{\"@id\":\"http:\\\/\\\/ilkerkarademir.com\\\/index.php\\\/hakkimda\\\/#breadcrumb\"},\"inLanguage\":\"tr\",\"potentialAction\":[{\"@type\":\"ReadAction\",\"target\":[\"http:\\\/\\\/ilkerkarademir.com\\\/index.php\\\/hakkimda\\\/\"]}]},{\"@type\":\"ImageObject\",\"inLanguage\":\"tr\",\"@id\":\"http:\\\/\\\/ilkerkarademir.com\\\/index.php\\\/hakkimda\\\/#primaryimage\",\"url\":\"http:\\\/\\\/ilkerkarademir.com\\\/wp-content\\\/uploads\\\/2026\\\/04\\\/WhatsApp-Image-2026-04-24-at-16.41.25.jpeg\",\"contentUrl\":\"http:\\\/\\\/ilkerkarademir.com\\\/wp-content\\\/uploads\\\/2026\\\/04\\\/WhatsApp-Image-2026-04-24-at-16.41.25.jpeg\",\"width\":968,\"height\":1318},{\"@type\":\"BreadcrumbList\",\"@id\":\"http:\\\/\\\/ilkerkarademir.com\\\/index.php\\\/hakkimda\\\/#breadcrumb\",\"itemListElement\":[{\"@type\":\"ListItem\",\"position\":1,\"name\":\"Ana sayfa\",\"item\":\"https:\\\/\\\/ilkerkarademir.com\\\/\"},{\"@type\":\"ListItem\",\"position\":2,\"name\":\"Hakk\u0131mda\"}]},{\"@type\":\"WebSite\",\"@id\":\"http:\\\/\\\/ilkerkarademir.com\\\/#website\",\"url\":\"http:\\\/\\\/ilkerkarademir.com\\\/\",\"name\":\"\u0130lker Karademir\",\"description\":\"Ki\u015fisel Web Sitesi\",\"publisher\":{\"@id\":\"http:\\\/\\\/ilkerkarademir.com\\\/#organization\"},\"potentialAction\":[{\"@type\":\"SearchAction\",\"target\":{\"@type\":\"EntryPoint\",\"urlTemplate\":\"http:\\\/\\\/ilkerkarademir.com\\\/?s={search_term_string}\"},\"query-input\":{\"@type\":\"PropertyValueSpecification\",\"valueRequired\":true,\"valueName\":\"search_term_string\"}}],\"inLanguage\":\"tr\"},{\"@type\":\"Organization\",\"@id\":\"http:\\\/\\\/ilkerkarademir.com\\\/#organization\",\"name\":\"\u0130lker Karademir\",\"url\":\"http:\\\/\\\/ilkerkarademir.com\\\/\",\"logo\":{\"@type\":\"ImageObject\",\"inLanguage\":\"tr\",\"@id\":\"http:\\\/\\\/ilkerkarademir.com\\\/#\\\/schema\\\/logo\\\/image\\\/\",\"url\":\"http:\\\/\\\/ilkerkarademir.com\\\/wp-content\\\/uploads\\\/2020\\\/01\\\/cropped-Logopit_1578572051818-3.png\",\"contentUrl\":\"http:\\\/\\\/ilkerkarademir.com\\\/wp-content\\\/uploads\\\/2020\\\/01\\\/cropped-Logopit_1578572051818-3.png\",\"width\":1403,\"height\":792,\"caption\":\"\u0130lker Karademir\"},\"image\":{\"@id\":\"http:\\\/\\\/ilkerkarademir.com\\\/#\\\/schema\\\/logo\\\/image\\\/\"},\"sameAs\":[\"https:\\\/\\\/x.com\\\/ilkerkarademir\",\"https:\\\/\\\/www.instagram.com\\\/ilkerkarademir\",\"https:\\\/\\\/www.linkedin.com\\\/in\\\/ilker-karademir-54133a46\\\/\"]}]}<\/script>\n<!-- \/ Yoast SEO plugin. -->","yoast_head_json":{"title":"Hakk\u0131mda - \u0130lker Karademir","robots":{"index":"index","follow":"follow","max-snippet":"max-snippet:-1","max-image-preview":"max-image-preview:large","max-video-preview":"max-video-preview:-1"},"canonical":"http:\/\/ilkerkarademir.com\/index.php\/hakkimda\/","og_locale":"tr_TR","og_type":"article","og_title":"Hakk\u0131mda - \u0130lker Karademir","og_url":"http:\/\/ilkerkarademir.com\/index.php\/hakkimda\/","og_site_name":"\u0130lker Karademir","article_modified_time":"2026-04-24T13:45:31+00:00","og_image":[{"url":"http:\/\/ilkerkarademir.com\/wp-content\/uploads\/2026\/04\/WhatsApp-Image-2026-04-24-at-16.41.25.jpeg","type":"","width":"","height":""}],"twitter_card":"summary_large_image","twitter_site":"@ilkerkarademir","twitter_misc":{"Tahmini okuma s\u00fcresi":"1 dakika"},"schema":{"@context":"https:\/\/schema.org","@graph":[{"@type":"WebPage","@id":"http:\/\/ilkerkarademir.com\/index.php\/hakkimda\/","url":"http:\/\/ilkerkarademir.com\/index.php\/hakkimda\/","name":"Hakk\u0131mda - \u0130lker Karademir","isPartOf":{"@id":"http:\/\/ilkerkarademir.com\/#website"},"primaryImageOfPage":{"@id":"http:\/\/ilkerkarademir.com\/index.php\/hakkimda\/#primaryimage"},"image":{"@id":"http:\/\/ilkerkarademir.com\/index.php\/hakkimda\/#primaryimage"},"thumbnailUrl":"http:\/\/ilkerkarademir.com\/wp-content\/uploads\/2026\/04\/WhatsApp-Image-2026-04-24-at-16.41.25.jpeg","datePublished":"2019-01-31T14:42:53+00:00","dateModified":"2026-04-24T13:45:31+00:00","breadcrumb":{"@id":"http:\/\/ilkerkarademir.com\/index.php\/hakkimda\/#breadcrumb"},"inLanguage":"tr","potentialAction":[{"@type":"ReadAction","target":["http:\/\/ilkerkarademir.com\/index.php\/hakkimda\/"]}]},{"@type":"ImageObject","inLanguage":"tr","@id":"http:\/\/ilkerkarademir.com\/index.php\/hakkimda\/#primaryimage","url":"http:\/\/ilkerkarademir.com\/wp-content\/uploads\/2026\/04\/WhatsApp-Image-2026-04-24-at-16.41.25.jpeg","contentUrl":"http:\/\/ilkerkarademir.com\/wp-content\/uploads\/2026\/04\/WhatsApp-Image-2026-04-24-at-16.41.25.jpeg","width":968,"height":1318},{"@type":"BreadcrumbList","@id":"http:\/\/ilkerkarademir.com\/index.php\/hakkimda\/#breadcrumb","itemListElement":[{"@type":"ListItem","position":1,"name":"Ana sayfa","item":"https:\/\/ilkerkarademir.com\/"},{"@type":"ListItem","position":2,"name":"Hakk\u0131mda"}]},{"@type":"WebSite","@id":"http:\/\/ilkerkarademir.com\/#website","url":"http:\/\/ilkerkarademir.com\/","name":"\u0130lker Karademir","description":"Ki\u015fisel Web Sitesi","publisher":{"@id":"http:\/\/ilkerkarademir.com\/#organization"},"potentialAction":[{"@type":"SearchAction","target":{"@type":"EntryPoint","urlTemplate":"http:\/\/ilkerkarademir.com\/?s={search_term_string}"},"query-input":{"@type":"PropertyValueSpecification","valueRequired":true,"valueName":"search_term_string"}}],"inLanguage":"tr"},{"@type":"Organization","@id":"http:\/\/ilkerkarademir.com\/#organization","name":"\u0130lker Karademir","url":"http:\/\/ilkerkarademir.com\/","logo":{"@type":"ImageObject","inLanguage":"tr","@id":"http:\/\/ilkerkarademir.com\/#\/schema\/logo\/image\/","url":"http:\/\/ilkerkarademir.com\/wp-content\/uploads\/2020\/01\/cropped-Logopit_1578572051818-3.png","contentUrl":"http:\/\/ilkerkarademir.com\/wp-content\/uploads\/2020\/01\/cropped-Logopit_1578572051818-3.png","width":1403,"height":792,"caption":"\u0130lker Karademir"},"image":{"@id":"http:\/\/ilkerkarademir.com\/#\/schema\/logo\/image\/"},"sameAs":["https:\/\/x.com\/ilkerkarademir","https:\/\/www.instagram.com\/ilkerkarademir","https:\/\/www.linkedin.com\/in\/ilker-karademir-54133a46\/"]}]}},"jetpack_sharing_enabled":true,"jetpack_shortlink":"https:\/\/wp.me\/PaCtLt-5p","_links":{"self":[{"href":"http:\/\/ilkerkarademir.com\/index.php\/wp-json\/wp\/v2\/pages\/335","targetHints":{"allow":["GET"]}}],"collection":[{"href":"http:\/\/ilkerkarademir.com\/index.php\/wp-json\/wp\/v2\/pages"}],"about":[{"href":"http:\/\/ilkerkarademir.com\/index.php\/wp-json\/wp\/v2\/types\/page"}],"author":[{"embeddable":true,"href":"http:\/\/ilkerkarademir.com\/index.php\/wp-json\/wp\/v2\/users\/1"}],"replies":[{"embeddable":true,"href":"http:\/\/ilkerkarademir.com\/index.php\/wp-json\/wp\/v2\/comments?post=335"}],"version-history":[{"count":32,"href":"http:\/\/ilkerkarademir.com\/index.php\/wp-json\/wp\/v2\/pages\/335\/revisions"}],"predecessor-version":[{"id":1070,"href":"http:\/\/ilkerkarademir.com\/index.php\/wp-json\/wp\/v2\/pages\/335\/revisions\/1070"}],"wp:attachment":[{"href":"http:\/\/ilkerkarademir.com\/index.php\/wp-json\/wp\/v2\/media?parent=335"}],"curies":[{"name":"wp","href":"https:\/\/api.w.org\/{rel}","templated":true}]}}