{"id":932,"date":"2023-04-05T10:29:09","date_gmt":"2023-04-05T10:29:09","guid":{"rendered":"http:\/\/ilkerkarademir.com\/?page_id=932"},"modified":"2023-04-28T11:52:36","modified_gmt":"2023-04-28T11:52:36","slug":"932-2","status":"publish","type":"page","link":"http:\/\/ilkerkarademir.com\/index.php\/932-2\/","title":{"rendered":"Kitap"},"content":{"rendered":"\n\n\t\t\t\t<img loading=\"lazy\" decoding=\"async\" src=\"http:\/\/ilkerkarademir.com\/wp-content\/uploads\/2023\/04\/reklam2-kapak-son-1024x683.png\" alt=\"reklam2- kapak son\" itemprop=\"image\" height=\"500\" width=\"750\" title=\"reklam2- kapak son\" onerror=\"this.style.display='none'\"  \/>\n<h2>\n\t\tD\u00f6rd\u00fcnc\u00fc Sanayi Devrimi&#8217;nde Liderlik: Liderlik 4.0<br \/>\n\t<\/h2>\n\t<p><a href=\"http:\/\/ilkerkarademir.com\/wp-content\/uploads\/2023\/04\/kitap-ozet.pdf\">\u0130\u00e7erik ve \u00d6zet i\u00e7in t\u0131klay\u0131n\u0131z&#8230;<\/a><\/p>\n<h2>\n\t\t<a href=\"https:\/\/www.nobelyayin.com\/dorduncu-sanayi-devrimi-nde-liderlik-liderlik-4-0-19544.html\" title=\"Sat\u0131n al&lt;br \/&gt;\" target=\"_blank\" rel=\"noopener\">\n\t\tSat\u0131n al<br \/>\n\t\t<\/a>\n\t<\/h2>\n\t<p>G\u00fcn\u00fcm\u00fczde End\u00fcstri 4.0&#8217;in teknolojik etkisi; f\u00fct\u00fcristlerin ve bilim kurgu y\u00f6netmenlerinin en \u00e7ok i\u015fledikleri hizmet veren robotlar\u0131n ve s\u00fcr\u00fcc\u00fcs\u00fcz ara\u00e7lar\u0131n h\u00e2kim oldu\u011fu bir d\u00fcnya imgelerinde kar\u015f\u0131m\u0131za \u00e7\u0131kmaktad\u0131r. Bu d\u00fc\u015f\u00fcncelere g\u00f6re \u00f6n\u00fcm\u00fczdeki y\u0131llarda u\u00e7an arabalar, hyperloop&#8217;lar, biyo\u00e7ipler, yapay organlar, nanorobotlar, ak\u0131ll\u0131 ev ve \u015fehirler ile g\u00fcnl\u00fck ya\u015fant\u0131m\u0131z \u00e7ok farkl\u0131 olacak gibi g\u00f6r\u00fcnmektedir. Ancak D\u00f6rd\u00fcnc\u00fc Sanayi Devrimi&#8217;nin ve bu devrimin getirdi\u011fi dijital d\u00f6n\u00fc\u015f\u00fcm\u00fcn \u00f6rg\u00fctler ve liderli\u011fe etkisi \u00fczerine yeteri kadar \u00e7al\u0131\u015fma bulunmamaktad\u0131r. Liderlik, bilinen tarih boyunca farkl\u0131 tan\u0131m ve formlarda kar\u015f\u0131m\u0131za \u00e7\u0131ksa da her zaman ara\u015ft\u0131rma konusu olarak kafa yorulan bir konu olmaya devam edecektir. Bahsedilen bu eksikli\u011fe katk\u0131 sa\u011flamak i\u00e7in bu kitap yaz\u0131lm\u0131\u015ft\u0131r.<\/p>\n<p>Yakla\u015f\u0131k yirmi y\u0131ll\u0131k organizasyonel ve y\u00f6netsel pratik tecr\u00fcbeye ve akabinde yap\u0131lan akademik \u00e7al\u0131smalara dayanan kitapta; Liderlik 4.0&#8217;i karakterize etmek icin liderlerin bu \u00e7a\u011fda ihtiya\u00e7 duyaca\u011f\u0131 yetkinlik ve becerilerinden bahsedilerek, ayr\u0131ca bunlar\u0131 belirten bir &#8220;Liderlik 4.0 Modeli&#8221; verilmektedir. Organizasyonlar\u0131n ise End\u00fcstri 4.0&#8217;a uyum sa\u011flamak i\u00e7in neler yapmalar\u0131 gerekti\u011fine dair bir &#8220;organizasyonel d\u00f6n\u00fc\u015f\u00fcm pusulas\u0131&#8221; da haz\u0131rlanm\u0131\u015ft\u0131r.<\/p>\n<h2>\n\t\tDag\u0131t\u0131m ve Sat\u0131s Noktalar\u0131:\u00a0\n\t<\/h2>\n<h2>\n\t\t<a href=\"https:\/\/www.nobelyayin.com\/dorduncu-sanayi-devrimi-nde-liderlik-liderlik-4-0-19544.html\" title=\"Nobel Kitap\" target=\"_blank\" rel=\"noopener\">\n\t\tNobel Kitap\n\t\t<\/a>\n\t<\/h2>\n<h2>\n\t\t<a href=\"https:\/\/www.dr.com.tr\/Kitap\/Dorduncu-Sanayi-Devriminde-Liderlik-Liderlik-40\/ilker-Karademir\/Egitim-Basvuru\/is-Ekonomi-Hukuk\/Yonetim-is-Gelistirme-Kalite\/urunno=0002038611001\" title=\"D &amp; R\" target=\"_blank\" rel=\"noopener\">\n\t\tD &#038; R\n\t\t<\/a>\n\t<\/h2>\n<h2>\n\t\t<a href=\"https:\/\/www.amazon.com.tr\/gp\/product\/6253983113\/ref=ox_sc_saved_image_1?smid=A2RFOUH055EPDE&#038;psc=1\" title=\"Amazon\" target=\"_blank\" rel=\"noopener\">\n\t\tAmazon\n\t\t<\/a>\n\t<\/h2>\n<h2>\n\t\t<a href=\"https:\/\/www.inkilap.com\/dorduncu-sanayi-devriminde-liderlik-liderlik-4.0-636686\" title=\"\u0130nk\u0131lap Kitabevi\" target=\"_blank\" rel=\"noopener\">\n\t\t\u0130nk\u0131lap Kitabevi\n\t\t<\/a>\n\t<\/h2>\n<h2>\n\t\t<a href=\"https:\/\/www.pelikankitabevi.com.tr\/dorduncu-sanayi-devrimi-nde-liderlik\" title=\"Pelikan Kitabevi\" target=\"_blank\" rel=\"noopener\">\n\t\tPelikan Kitabevi\n\t\t<\/a>\n\t<\/h2>\n<h2>\n\t\t<a href=\"https:\/\/www.kitapyurdu.com\/kitap\/dorduncu-sanayi-devriminde-liderlik-liderlik-40\/645587.html&#038;manufacturer_id=258312\" title=\"Kitap Yurdu\" target=\"_blank\" rel=\"noopener\">\n\t\tKitap Yurdu\n\t\t<\/a>\n\t<\/h2>\n<h2>\n\t\t<a href=\"https:\/\/www.idefix.com\/Kitap\/Dorduncu-Sanayi-Devriminde-Liderlik-Liderlik-40\/ilker-Karademir\/Egitim-Basvuru\/is-Ekonomi-Hukuk\/Yonetim-is-Gelistirme-Kalite\/urunno=0002038611001\" title=\"\u0130defix\" target=\"_blank\" rel=\"noopener\">\n\t\t\u0130defix\n\t\t<\/a>\n\t<\/h2>\n<h2>\n\t\t<a href=\"https:\/\/www.nadirkitap.com\/dorduncu-sanayi-devrimi-nde-liderlik-liderlik-4-0-ilker-karademir-kitap31614787.html\" title=\"Nadir Kitap\" target=\"_blank\" rel=\"noopener\">\n\t\tNadir Kitap\n\t\t<\/a>\n\t<\/h2>\n\n","protected":false},"excerpt":{"rendered":"<p>D\u00f6rd\u00fcnc\u00fc Sanayi Devrimi&#8217;nde Liderlik: Liderlik 4.0 \u0130\u00e7erik ve \u00d6zet i\u00e7in t\u0131klay\u0131n\u0131z&#8230; Sat\u0131n al G\u00fcn\u00fcm\u00fczde End\u00fcstri 4.0&#8217;in teknolojik etkisi; f\u00fct\u00fcristlerin ve bilim kurgu y\u00f6netmenlerinin en \u00e7ok i\u015fledikleri hizmet veren robotlar\u0131n ve s\u00fcr\u00fcc\u00fcs\u00fcz ara\u00e7lar\u0131n h\u00e2kim oldu\u011fu bir d\u00fcnya imgelerinde kar\u015f\u0131m\u0131za \u00e7\u0131kmaktad\u0131r. Bu d\u00fc\u015f\u00fcncelere g\u00f6re \u00f6n\u00fcm\u00fczdeki y\u0131llarda u\u00e7an arabalar, hyperloop&#8217;lar, biyo\u00e7ipler, yapay organlar,<a class=\"moretag\" href=\"http:\/\/ilkerkarademir.com\/index.php\/932-2\/\"> Daha fazlas\u0131n\u0131 oku<\/a><\/p>\n","protected":false},"author":1,"featured_media":0,"parent":0,"menu_order":0,"comment_status":"closed","ping_status":"closed","template":"","meta":{"jetpack_post_was_ever_published":false,"footnotes":""},"class_list":["post-932","page","type-page","status-publish","hentry"],"yoast_head":"<!-- This site is optimized with the Yoast SEO plugin v27.5 - https:\/\/yoast.com\/product\/yoast-seo-wordpress\/ -->\n<title>Kitap - \u0130lker Karademir<\/title>\n<meta name=\"robots\" content=\"index, follow, max-snippet:-1, max-image-preview:large, max-video-preview:-1\" \/>\n<link rel=\"canonical\" href=\"https:\/\/ilkerkarademir.com\/index.php\/932-2\/\" \/>\n<meta property=\"og:locale\" content=\"tr_TR\" \/>\n<meta property=\"og:type\" content=\"article\" \/>\n<meta property=\"og:title\" content=\"Kitap - \u0130lker Karademir\" \/>\n<meta property=\"og:description\" content=\"D\u00f6rd\u00fcnc\u00fc Sanayi Devrimi&#8217;nde Liderlik: Liderlik 4.0 \u0130\u00e7erik ve \u00d6zet i\u00e7in t\u0131klay\u0131n\u0131z&#8230; Sat\u0131n al G\u00fcn\u00fcm\u00fczde End\u00fcstri 4.0&#8217;in teknolojik etkisi; f\u00fct\u00fcristlerin ve bilim kurgu y\u00f6netmenlerinin en \u00e7ok i\u015fledikleri hizmet veren robotlar\u0131n ve s\u00fcr\u00fcc\u00fcs\u00fcz ara\u00e7lar\u0131n h\u00e2kim oldu\u011fu bir d\u00fcnya imgelerinde kar\u015f\u0131m\u0131za \u00e7\u0131kmaktad\u0131r. Bu d\u00fc\u015f\u00fcncelere g\u00f6re \u00f6n\u00fcm\u00fczdeki y\u0131llarda u\u00e7an arabalar, hyperloop&#8217;lar, biyo\u00e7ipler, yapay organlar, Daha fazlas\u0131n\u0131 oku\" \/>\n<meta property=\"og:url\" content=\"https:\/\/ilkerkarademir.com\/index.php\/932-2\/\" \/>\n<meta property=\"og:site_name\" content=\"\u0130lker Karademir\" \/>\n<meta property=\"article:modified_time\" content=\"2023-04-28T11:52:36+00:00\" \/>\n<meta property=\"og:image\" content=\"http:\/\/ilkerkarademir.com\/wp-content\/uploads\/2023\/04\/reklam2-kapak-son-1024x683.png\" \/>\n<meta name=\"twitter:card\" content=\"summary_large_image\" \/>\n<meta name=\"twitter:site\" content=\"@ilkerkarademir\" \/>\n<meta name=\"twitter:label1\" content=\"Tahmini okuma s\u00fcresi\" \/>\n\t<meta name=\"twitter:data1\" content=\"2 dakika\" \/>\n<script type=\"application\/ld+json\" class=\"yoast-schema-graph\">{\"@context\":\"https:\\\/\\\/schema.org\",\"@graph\":[{\"@type\":\"WebPage\",\"@id\":\"https:\\\/\\\/ilkerkarademir.com\\\/index.php\\\/932-2\\\/\",\"url\":\"https:\\\/\\\/ilkerkarademir.com\\\/index.php\\\/932-2\\\/\",\"name\":\"Kitap - \u0130lker Karademir\",\"isPartOf\":{\"@id\":\"http:\\\/\\\/ilkerkarademir.com\\\/#website\"},\"primaryImageOfPage\":{\"@id\":\"https:\\\/\\\/ilkerkarademir.com\\\/index.php\\\/932-2\\\/#primaryimage\"},\"image\":{\"@id\":\"https:\\\/\\\/ilkerkarademir.com\\\/index.php\\\/932-2\\\/#primaryimage\"},\"thumbnailUrl\":\"http:\\\/\\\/ilkerkarademir.com\\\/wp-content\\\/uploads\\\/2023\\\/04\\\/reklam2-kapak-son-1024x683.png\",\"datePublished\":\"2023-04-05T10:29:09+00:00\",\"dateModified\":\"2023-04-28T11:52:36+00:00\",\"breadcrumb\":{\"@id\":\"https:\\\/\\\/ilkerkarademir.com\\\/index.php\\\/932-2\\\/#breadcrumb\"},\"inLanguage\":\"tr\",\"potentialAction\":[{\"@type\":\"ReadAction\",\"target\":[\"https:\\\/\\\/ilkerkarademir.com\\\/index.php\\\/932-2\\\/\"]}]},{\"@type\":\"ImageObject\",\"inLanguage\":\"tr\",\"@id\":\"https:\\\/\\\/ilkerkarademir.com\\\/index.php\\\/932-2\\\/#primaryimage\",\"url\":\"http:\\\/\\\/ilkerkarademir.com\\\/wp-content\\\/uploads\\\/2023\\\/04\\\/reklam2-kapak-son.png\",\"contentUrl\":\"http:\\\/\\\/ilkerkarademir.com\\\/wp-content\\\/uploads\\\/2023\\\/04\\\/reklam2-kapak-son.png\",\"width\":1367,\"height\":912},{\"@type\":\"BreadcrumbList\",\"@id\":\"https:\\\/\\\/ilkerkarademir.com\\\/index.php\\\/932-2\\\/#breadcrumb\",\"itemListElement\":[{\"@type\":\"ListItem\",\"position\":1,\"name\":\"Ana sayfa\",\"item\":\"http:\\\/\\\/ilkerkarademir.com\\\/\"},{\"@type\":\"ListItem\",\"position\":2,\"name\":\"Kitap\"}]},{\"@type\":\"WebSite\",\"@id\":\"http:\\\/\\\/ilkerkarademir.com\\\/#website\",\"url\":\"http:\\\/\\\/ilkerkarademir.com\\\/\",\"name\":\"\u0130lker Karademir\",\"description\":\"Ki\u015fisel Web Sitesi\",\"publisher\":{\"@id\":\"http:\\\/\\\/ilkerkarademir.com\\\/#organization\"},\"potentialAction\":[{\"@type\":\"SearchAction\",\"target\":{\"@type\":\"EntryPoint\",\"urlTemplate\":\"http:\\\/\\\/ilkerkarademir.com\\\/?s={search_term_string}\"},\"query-input\":{\"@type\":\"PropertyValueSpecification\",\"valueRequired\":true,\"valueName\":\"search_term_string\"}}],\"inLanguage\":\"tr\"},{\"@type\":\"Organization\",\"@id\":\"http:\\\/\\\/ilkerkarademir.com\\\/#organization\",\"name\":\"\u0130lker Karademir\",\"url\":\"http:\\\/\\\/ilkerkarademir.com\\\/\",\"logo\":{\"@type\":\"ImageObject\",\"inLanguage\":\"tr\",\"@id\":\"http:\\\/\\\/ilkerkarademir.com\\\/#\\\/schema\\\/logo\\\/image\\\/\",\"url\":\"http:\\\/\\\/ilkerkarademir.com\\\/wp-content\\\/uploads\\\/2020\\\/01\\\/cropped-Logopit_1578572051818-3.png\",\"contentUrl\":\"http:\\\/\\\/ilkerkarademir.com\\\/wp-content\\\/uploads\\\/2020\\\/01\\\/cropped-Logopit_1578572051818-3.png\",\"width\":1403,\"height\":792,\"caption\":\"\u0130lker Karademir\"},\"image\":{\"@id\":\"http:\\\/\\\/ilkerkarademir.com\\\/#\\\/schema\\\/logo\\\/image\\\/\"},\"sameAs\":[\"https:\\\/\\\/x.com\\\/ilkerkarademir\",\"https:\\\/\\\/www.instagram.com\\\/ilkerkarademir\",\"https:\\\/\\\/www.linkedin.com\\\/in\\\/ilker-karademir-54133a46\\\/\"]}]}<\/script>\n<!-- \/ Yoast SEO plugin. -->","yoast_head_json":{"title":"Kitap - \u0130lker Karademir","robots":{"index":"index","follow":"follow","max-snippet":"max-snippet:-1","max-image-preview":"max-image-preview:large","max-video-preview":"max-video-preview:-1"},"canonical":"https:\/\/ilkerkarademir.com\/index.php\/932-2\/","og_locale":"tr_TR","og_type":"article","og_title":"Kitap - \u0130lker Karademir","og_description":"D\u00f6rd\u00fcnc\u00fc Sanayi Devrimi&#8217;nde Liderlik: Liderlik 4.0 \u0130\u00e7erik ve \u00d6zet i\u00e7in t\u0131klay\u0131n\u0131z&#8230; Sat\u0131n al G\u00fcn\u00fcm\u00fczde End\u00fcstri 4.0&#8217;in teknolojik etkisi; f\u00fct\u00fcristlerin ve bilim kurgu y\u00f6netmenlerinin en \u00e7ok i\u015fledikleri hizmet veren robotlar\u0131n ve s\u00fcr\u00fcc\u00fcs\u00fcz ara\u00e7lar\u0131n h\u00e2kim oldu\u011fu bir d\u00fcnya imgelerinde kar\u015f\u0131m\u0131za \u00e7\u0131kmaktad\u0131r. Bu d\u00fc\u015f\u00fcncelere g\u00f6re \u00f6n\u00fcm\u00fczdeki y\u0131llarda u\u00e7an arabalar, hyperloop&#8217;lar, biyo\u00e7ipler, yapay organlar, Daha fazlas\u0131n\u0131 oku","og_url":"https:\/\/ilkerkarademir.com\/index.php\/932-2\/","og_site_name":"\u0130lker Karademir","article_modified_time":"2023-04-28T11:52:36+00:00","og_image":[{"url":"http:\/\/ilkerkarademir.com\/wp-content\/uploads\/2023\/04\/reklam2-kapak-son-1024x683.png","type":"","width":"","height":""}],"twitter_card":"summary_large_image","twitter_site":"@ilkerkarademir","twitter_misc":{"Tahmini okuma s\u00fcresi":"2 dakika"},"schema":{"@context":"https:\/\/schema.org","@graph":[{"@type":"WebPage","@id":"https:\/\/ilkerkarademir.com\/index.php\/932-2\/","url":"https:\/\/ilkerkarademir.com\/index.php\/932-2\/","name":"Kitap - \u0130lker Karademir","isPartOf":{"@id":"http:\/\/ilkerkarademir.com\/#website"},"primaryImageOfPage":{"@id":"https:\/\/ilkerkarademir.com\/index.php\/932-2\/#primaryimage"},"image":{"@id":"https:\/\/ilkerkarademir.com\/index.php\/932-2\/#primaryimage"},"thumbnailUrl":"http:\/\/ilkerkarademir.com\/wp-content\/uploads\/2023\/04\/reklam2-kapak-son-1024x683.png","datePublished":"2023-04-05T10:29:09+00:00","dateModified":"2023-04-28T11:52:36+00:00","breadcrumb":{"@id":"https:\/\/ilkerkarademir.com\/index.php\/932-2\/#breadcrumb"},"inLanguage":"tr","potentialAction":[{"@type":"ReadAction","target":["https:\/\/ilkerkarademir.com\/index.php\/932-2\/"]}]},{"@type":"ImageObject","inLanguage":"tr","@id":"https:\/\/ilkerkarademir.com\/index.php\/932-2\/#primaryimage","url":"http:\/\/ilkerkarademir.com\/wp-content\/uploads\/2023\/04\/reklam2-kapak-son.png","contentUrl":"http:\/\/ilkerkarademir.com\/wp-content\/uploads\/2023\/04\/reklam2-kapak-son.png","width":1367,"height":912},{"@type":"BreadcrumbList","@id":"https:\/\/ilkerkarademir.com\/index.php\/932-2\/#breadcrumb","itemListElement":[{"@type":"ListItem","position":1,"name":"Ana sayfa","item":"http:\/\/ilkerkarademir.com\/"},{"@type":"ListItem","position":2,"name":"Kitap"}]},{"@type":"WebSite","@id":"http:\/\/ilkerkarademir.com\/#website","url":"http:\/\/ilkerkarademir.com\/","name":"\u0130lker Karademir","description":"Ki\u015fisel Web Sitesi","publisher":{"@id":"http:\/\/ilkerkarademir.com\/#organization"},"potentialAction":[{"@type":"SearchAction","target":{"@type":"EntryPoint","urlTemplate":"http:\/\/ilkerkarademir.com\/?s={search_term_string}"},"query-input":{"@type":"PropertyValueSpecification","valueRequired":true,"valueName":"search_term_string"}}],"inLanguage":"tr"},{"@type":"Organization","@id":"http:\/\/ilkerkarademir.com\/#organization","name":"\u0130lker Karademir","url":"http:\/\/ilkerkarademir.com\/","logo":{"@type":"ImageObject","inLanguage":"tr","@id":"http:\/\/ilkerkarademir.com\/#\/schema\/logo\/image\/","url":"http:\/\/ilkerkarademir.com\/wp-content\/uploads\/2020\/01\/cropped-Logopit_1578572051818-3.png","contentUrl":"http:\/\/ilkerkarademir.com\/wp-content\/uploads\/2020\/01\/cropped-Logopit_1578572051818-3.png","width":1403,"height":792,"caption":"\u0130lker Karademir"},"image":{"@id":"http:\/\/ilkerkarademir.com\/#\/schema\/logo\/image\/"},"sameAs":["https:\/\/x.com\/ilkerkarademir","https:\/\/www.instagram.com\/ilkerkarademir","https:\/\/www.linkedin.com\/in\/ilker-karademir-54133a46\/"]}]}},"jetpack_sharing_enabled":true,"jetpack_shortlink":"https:\/\/wp.me\/PaCtLt-f2","_links":{"self":[{"href":"http:\/\/ilkerkarademir.com\/index.php\/wp-json\/wp\/v2\/pages\/932","targetHints":{"allow":["GET"]}}],"collection":[{"href":"http:\/\/ilkerkarademir.com\/index.php\/wp-json\/wp\/v2\/pages"}],"about":[{"href":"http:\/\/ilkerkarademir.com\/index.php\/wp-json\/wp\/v2\/types\/page"}],"author":[{"embeddable":true,"href":"http:\/\/ilkerkarademir.com\/index.php\/wp-json\/wp\/v2\/users\/1"}],"replies":[{"embeddable":true,"href":"http:\/\/ilkerkarademir.com\/index.php\/wp-json\/wp\/v2\/comments?post=932"}],"version-history":[{"count":36,"href":"http:\/\/ilkerkarademir.com\/index.php\/wp-json\/wp\/v2\/pages\/932\/revisions"}],"predecessor-version":[{"id":976,"href":"http:\/\/ilkerkarademir.com\/index.php\/wp-json\/wp\/v2\/pages\/932\/revisions\/976"}],"wp:attachment":[{"href":"http:\/\/ilkerkarademir.com\/index.php\/wp-json\/wp\/v2\/media?parent=932"}],"curies":[{"name":"wp","href":"https:\/\/api.w.org\/{rel}","templated":true}]}}